{"id":28871,"date":"2021-12-24T11:41:35","date_gmt":"2021-12-24T10:41:35","guid":{"rendered":"https:\/\/excited-industry.com\/?page_id=28871"},"modified":"2025-09-11T14:41:59","modified_gmt":"2025-09-11T12:41:59","slug":"om","status":"publish","type":"page","link":"https:\/\/excited-industry.com\/da\/om\/","title":{"rendered":"Om"},"content":{"rendered":"\t\t<div data-elementor-type=\"wp-page\" data-elementor-id=\"28871\" class=\"elementor elementor-28871 elementor-27097\" data-elementor-post-type=\"page\">\n\t\t\t\t<div class=\"elementor-element elementor-element-8711457 e-con-full e-flex e-con e-parent\" data-id=\"8711457\" data-element_type=\"container\" data-e-type=\"container\">\n\t\t<div class=\"elementor-element elementor-element-a1a486c e-flex e-con-boxed e-con e-child\" data-id=\"a1a486c\" data-element_type=\"container\" data-e-type=\"container\">\n\t\t\t\t\t<div class=\"e-con-inner\">\n\t\t\t\t<div class=\"elementor-element elementor-element-b57c249 elementor-widget elementor-widget-heading\" data-id=\"b57c249\" data-element_type=\"widget\" data-e-type=\"widget\" data-widget_type=\"heading.default\">\n\t\t\t\t\t<h2 class=\"elementor-heading-title elementor-size-default\">Om<\/h2>\t\t\t\t<\/div>\n\t\t\t\t\t<\/div>\n\t\t\t\t<\/div>\n\t\t<div class=\"elementor-element elementor-element-6d66675 e-flex e-con-boxed e-con e-child\" data-id=\"6d66675\" data-element_type=\"container\" data-e-type=\"container\">\n\t\t\t\t\t<div class=\"e-con-inner\">\n\t\t\t\t<div class=\"elementor-element elementor-element-65fcfce elementor-widget elementor-widget-text-editor\" data-id=\"65fcfce\" data-element_type=\"widget\" data-e-type=\"widget\" data-widget_type=\"text-editor.default\">\n\t\t\t\t\t\t\t\t\t<p>Vi er en ung dansk virksomhed, der producerer og s\u00e6lger EE-ROD&#8217;s\u00ae, der er i stand til at reducere energiforbruget til fryse\/k\u00f8leanl\u00e6g og i AC\/Varme ventilationsanl\u00e6g mellem 10% til 20% besparelse. Der er anmeldt patent.<\/p><p>Vores m\u00e5l er at reducere energiforbruget og CO2-fodaftrykket globalt ved at installere EE-Rod&#8217;er i k\u00f8lere, frysere, serverrum og AC-systemer i lagre, restauranter, hoteller, kontorer, fabrikker osv.<\/p><p>20% af verdens energiforbrug bruges til k\u00f8ling. 10% til 20% besparelse af de 20% giver en mulig besparelse p\u00e5 mellem 2% til 4% af verdens energiforbrug og karbon udledning. Det er vores m\u00e5l!<\/p>\t\t\t\t\t\t\t\t<\/div>\n\t\t\t\t\t<\/div>\n\t\t\t\t<\/div>\n\t\t\t\t<\/div>\n\t\t\t\t<\/div>\n\t\t","protected":false},"excerpt":{"rendered":"<p>Om Vi er en ung dansk virksomhed, der producerer og s\u00e6lger EE-ROD&#8217;s\u00ae, der er i stand til at reducere energiforbruget til fryse\/k\u00f8leanl\u00e6g og i AC\/Varme ventilationsanl\u00e6g mellem 10% til 20% besparelse. Der er anmeldt patent. Vores m\u00e5l er at reducere energiforbruget og CO2-fodaftrykket globalt ved at installere EE-Rod&#8217;er i k\u00f8lere, frysere, serverrum og AC-systemer i [&hellip;]<\/p>\n","protected":false},"author":1166,"featured_media":0,"parent":0,"menu_order":0,"comment_status":"closed","ping_status":"closed","template":"elementor_header_footer","meta":{"footnotes":""},"class_list":["post-28871","page","type-page","status-publish","hentry"],"_links":{"self":[{"href":"https:\/\/excited-industry.com\/da\/wp-json\/wp\/v2\/pages\/28871","targetHints":{"allow":["GET"]}}],"collection":[{"href":"https:\/\/excited-industry.com\/da\/wp-json\/wp\/v2\/pages"}],"about":[{"href":"https:\/\/excited-industry.com\/da\/wp-json\/wp\/v2\/types\/page"}],"author":[{"embeddable":true,"href":"https:\/\/excited-industry.com\/da\/wp-json\/wp\/v2\/users\/1166"}],"replies":[{"embeddable":true,"href":"https:\/\/excited-industry.com\/da\/wp-json\/wp\/v2\/comments?post=28871"}],"version-history":[{"count":3,"href":"https:\/\/excited-industry.com\/da\/wp-json\/wp\/v2\/pages\/28871\/revisions"}],"predecessor-version":[{"id":31115,"href":"https:\/\/excited-industry.com\/da\/wp-json\/wp\/v2\/pages\/28871\/revisions\/31115"}],"wp:attachment":[{"href":"https:\/\/excited-industry.com\/da\/wp-json\/wp\/v2\/media?parent=28871"}],"curies":[{"name":"wp","href":"https:\/\/api.w.org\/{rel}","templated":true}]}}