{"id":30840,"date":"2024-06-03T10:26:48","date_gmt":"2024-06-03T08:26:48","guid":{"rendered":"https:\/\/excited-industry.com\/inizio\/"},"modified":"2024-06-03T10:26:53","modified_gmt":"2024-06-03T08:26:53","slug":"inizio","status":"publish","type":"page","link":"https:\/\/excited-industry.com\/it\/","title":{"rendered":"Inizio"},"content":{"rendered":"\t\t<div data-elementor-type=\"wp-page\" data-elementor-id=\"30840\" class=\"elementor elementor-30840 elementor-29768\" data-elementor-post-type=\"page\">\n\t\t\t\t<div class=\"elementor-element elementor-element-7d04b30 e-con-full e-flex e-con e-parent\" data-id=\"7d04b30\" data-element_type=\"container\">\n\t\t<div class=\"elementor-element elementor-element-67fe4c5 e-con-full e-flex e-con e-child\" data-id=\"67fe4c5\" data-element_type=\"container\">\n\t\t\t\t<div class=\"elementor-element elementor-element-317cd7a elementor-widget elementor-widget-heading\" data-id=\"317cd7a\" data-element_type=\"widget\" data-widget_type=\"heading.default\">\n\t\t\t\t\t<h2 class=\"elementor-heading-title elementor-size-default\">Risparmia il 10-20% di elettricit\u00e0 nelle celle frigorifere.<\/h2>\t\t\t\t<\/div>\n\t\t\t\t<div class=\"elementor-element elementor-element-c62a025 elementor-widget elementor-widget-text-editor\" data-id=\"c62a025\" data-element_type=\"widget\" data-widget_type=\"text-editor.default\">\n\t\t\t\t\t\t\t\t\t<p>La nostra tecnologia, in attesa di brevetto, consente di risparmiare il 10-20% di elettricit\u00e0 nella refrigerazione, nelle celle di congelamento e nei contenitori di congelamento.<\/p>\n<p>Il dispositivo si installa facilmente.<\/p>\n\t\t\t\t\t\t\t\t<\/div>\n\t\t\t\t<\/div>\n\t\t<div class=\"elementor-element elementor-element-29144f5 e-con-full e-flex e-con e-child\" data-id=\"29144f5\" data-element_type=\"container\">\n\t\t\t\t<div class=\"elementor-element elementor-element-ea8565b elementor-widget elementor-widget-image\" data-id=\"ea8565b\" data-element_type=\"widget\" data-widget_type=\"image.default\">\n\t\t\t\t\t\t\t\t\t\t\t\t\t\t\t<img fetchpriority=\"high\" decoding=\"async\" width=\"512\" height=\"512\" src=\"https:\/\/excited-industry.com\/wp-content\/uploads\/90a54746-b091-49ac-a43a-cfc1549be050.webp\" class=\"attachment-large size-large wp-image-29568\" alt=\"\" srcset=\"https:\/\/excited-industry.com\/wp-content\/uploads\/90a54746-b091-49ac-a43a-cfc1549be050.webp 512w, https:\/\/excited-industry.com\/wp-content\/uploads\/90a54746-b091-49ac-a43a-cfc1549be050-150x150.webp 150w\" sizes=\"(max-width: 512px) 100vw, 512px\" \/>\t\t\t\t\t\t\t\t\t\t\t\t\t\t\t<\/div>\n\t\t\t\t<\/div>\n\t\t\t\t<\/div>\n\t\t<div class=\"elementor-element elementor-element-e657cc1 e-con-full e-flex e-con e-parent\" data-id=\"e657cc1\" data-element_type=\"container\">\n\t\t<div class=\"elementor-element elementor-element-d9092f6 e-con-full e-flex e-con e-child\" data-id=\"d9092f6\" data-element_type=\"container\">\n\t\t\t\t<div class=\"elementor-element elementor-element-4d9be28 elementor-widget elementor-widget-image\" data-id=\"4d9be28\" data-element_type=\"widget\" data-widget_type=\"image.default\">\n\t\t\t\t\t\t\t\t\t\t\t\t\t\t\t<img decoding=\"async\" width=\"512\" height=\"512\" src=\"https:\/\/excited-industry.com\/wp-content\/uploads\/4057e897-e672-410f-bd4e-d88abc756f25.webp\" class=\"attachment-large size-large wp-image-29623\" alt=\"\" srcset=\"https:\/\/excited-industry.com\/wp-content\/uploads\/4057e897-e672-410f-bd4e-d88abc756f25.webp 512w, https:\/\/excited-industry.com\/wp-content\/uploads\/4057e897-e672-410f-bd4e-d88abc756f25-150x150.webp 150w\" sizes=\"(max-width: 512px) 100vw, 512px\" \/>\t\t\t\t\t\t\t\t\t\t\t\t\t\t\t<\/div>\n\t\t\t\t<\/div>\n\t\t<div class=\"elementor-element elementor-element-d3eb91a e-con-full e-flex e-con e-child\" data-id=\"d3eb91a\" data-element_type=\"container\">\n\t\t\t\t<div class=\"elementor-element elementor-element-a21f06d elementor-widget elementor-widget-heading\" data-id=\"a21f06d\" data-element_type=\"widget\" data-widget_type=\"heading.default\">\n\t\t\t\t\t<h2 class=\"elementor-heading-title elementor-size-default\">Rimuove l'elettricit\u00e0 statica nei capannoni di produzione<\/h2>\t\t\t\t<\/div>\n\t\t\t\t<div class=\"elementor-element elementor-element-dd38cbc elementor-widget elementor-widget-text-editor\" data-id=\"dd38cbc\" data-element_type=\"widget\" data-widget_type=\"text-editor.default\">\n\t\t\t\t\t\t\t\t\t<p>La nostra tecnologia in attesa di brevetto elimina l&#8217;elettricit\u00e0 statica nei capannoni di produzione e negli uffici.<\/p>\n\t\t\t\t\t\t\t\t<\/div>\n\t\t\t\t<\/div>\n\t\t\t\t<\/div>\n\t\t<div class=\"elementor-element elementor-element-22dbac4 e-con-full e-flex e-con e-parent\" data-id=\"22dbac4\" data-element_type=\"container\">\n\t\t<div class=\"elementor-element elementor-element-1be74c1 e-con-full e-flex e-con e-child\" data-id=\"1be74c1\" data-element_type=\"container\">\n\t\t\t\t<div class=\"elementor-element elementor-element-3335223 elementor-widget elementor-widget-heading\" data-id=\"3335223\" data-element_type=\"widget\" data-widget_type=\"heading.default\">\n\t\t\t\t\t<h2 class=\"elementor-heading-title elementor-size-default\">Equalizza le differenze di temperatura e risparmia sull'elettricit\u00e0 nei sistemi AC.<\/h2>\t\t\t\t<\/div>\n\t\t\t\t<div class=\"elementor-element elementor-element-3a80508 elementor-widget elementor-widget-text-editor\" data-id=\"3a80508\" data-element_type=\"widget\" data-widget_type=\"text-editor.default\">\n\t\t\t\t\t\t\t\t\t<p>La nostra tecnologia, in attesa di brevetto, equalizza le differenze di temperatura tra il soffitto e il pavimento in presenza di un soffitto alto e in genere fa risparmiare il 10-20% di elettricit\u00e0 nei sistemi AC.<\/p>\n\t\t\t\t\t\t\t\t<\/div>\n\t\t\t\t<\/div>\n\t\t<div class=\"elementor-element elementor-element-668a1e3 e-con-full e-flex e-con e-child\" data-id=\"668a1e3\" data-element_type=\"container\">\n\t\t\t\t<div class=\"elementor-element elementor-element-67846cb elementor-widget elementor-widget-image\" data-id=\"67846cb\" data-element_type=\"widget\" data-widget_type=\"image.default\">\n\t\t\t\t\t\t\t\t\t\t\t\t\t\t\t<img decoding=\"async\" width=\"512\" height=\"512\" src=\"https:\/\/excited-industry.com\/wp-content\/uploads\/3502f83f-0a68-4d01-921e-6064c9fa161b.webp\" class=\"attachment-large size-large wp-image-29695\" alt=\"\" srcset=\"https:\/\/excited-industry.com\/wp-content\/uploads\/3502f83f-0a68-4d01-921e-6064c9fa161b.webp 512w, https:\/\/excited-industry.com\/wp-content\/uploads\/3502f83f-0a68-4d01-921e-6064c9fa161b-150x150.webp 150w\" sizes=\"(max-width: 512px) 100vw, 512px\" \/>\t\t\t\t\t\t\t\t\t\t\t\t\t\t\t<\/div>\n\t\t\t\t<\/div>\n\t\t\t\t<\/div>\n\t\t<div class=\"elementor-element elementor-element-93fda29 e-con-full e-flex e-con e-parent\" data-id=\"93fda29\" data-element_type=\"container\">\n\t\t\t\t<div class=\"elementor-element elementor-element-8eb79cd elementor-widget elementor-widget-text-editor\" data-id=\"8eb79cd\" data-element_type=\"widget\" data-widget_type=\"text-editor.default\">\n\t\t\t\t\t\t\t\t\t<h2>Tecnologia quantistica<\/h2>\n<p>EE-Rod&#8217;s\u00ae \u00e8 prodotto con la tecnologia quantistica, il che significa semplicemente che EE-Rod&#8217;s\u00ae \u00e8 stato portato in risonanza con il campo quantistico. In altre parole, sono stati raggiunti l&#8217;entanglement quantistico e il tunneling quantistico con il campo quantistico.<\/p>\n<p>L&#8217;entanglement quantistico significa che la materia fisica \u00e8 collegata ad altra materia fisica attraverso il campo quantistico e contemporaneamente separata da una distanza fisica. Il tunneling quantistico significa che gli atomi, le molecole o l&#8217;energia si spostano da una posizione fisica all&#8217;altra attraverso il campo quantistico.<\/p>\n<p>EE-Rod&#8217;s\u00ae influenza l&#8217;aria, il vapore acqueo e i fluidi, compresi i refrigeranti, a diventare pi\u00f9 superconduttivi. La superconduttivit\u00e0 si riferisce alla capacit\u00e0 di condurre in modo pi\u00f9 efficiente la carica elettrica e l&#8217;energia termica (calore\/freddo).<\/p>\n<p>Inoltre, gli EE-Rod&#8217;s\u00ae possono trasportare l&#8217;energia all&#8217;interno e all&#8217;esterno del campo quantistico attraverso l&#8217;entanglement quantistico e il tunneling. In questo modo, l&#8217;energia termica pu\u00f2 essere ridotta nei refrigeranti, con conseguente risparmio, in quanto i compressori devono lavorare meno e quindi consumare meno energia.<\/p>\t\t\t\t\t\t\t\t<\/div>\n\t\t\t\t<\/div>\n\t\t\t\t<\/div>\n\t\t","protected":false},"excerpt":{"rendered":"<p>Risparmia il 10-20% di elettricit\u00e0 nelle celle frigorifere. La nostra tecnologia, in attesa di brevetto, consente di risparmiare il 10-20% di elettricit\u00e0 nella refrigerazione, nelle celle di congelamento e nei contenitori di congelamento. Il dispositivo si installa facilmente. Rimuove l&#8217;elettricit\u00e0 statica nei capannoni di produzione La nostra tecnologia in attesa di brevetto elimina l&#8217;elettricit\u00e0 statica [&hellip;]<\/p>\n","protected":false},"author":1166,"featured_media":0,"parent":0,"menu_order":0,"comment_status":"closed","ping_status":"closed","template":"elementor_header_footer","meta":{"footnotes":""},"class_list":["post-30840","page","type-page","status-publish","hentry"],"_links":{"self":[{"href":"https:\/\/excited-industry.com\/it\/wp-json\/wp\/v2\/pages\/30840","targetHints":{"allow":["GET"]}}],"collection":[{"href":"https:\/\/excited-industry.com\/it\/wp-json\/wp\/v2\/pages"}],"about":[{"href":"https:\/\/excited-industry.com\/it\/wp-json\/wp\/v2\/types\/page"}],"author":[{"embeddable":true,"href":"https:\/\/excited-industry.com\/it\/wp-json\/wp\/v2\/users\/1166"}],"replies":[{"embeddable":true,"href":"https:\/\/excited-industry.com\/it\/wp-json\/wp\/v2\/comments?post=30840"}],"version-history":[{"count":0,"href":"https:\/\/excited-industry.com\/it\/wp-json\/wp\/v2\/pages\/30840\/revisions"}],"wp:attachment":[{"href":"https:\/\/excited-industry.com\/it\/wp-json\/wp\/v2\/media?parent=30840"}],"curies":[{"name":"wp","href":"https:\/\/api.w.org\/{rel}","templated":true}]}}